{"id":3268,"date":"2013-09-04T19:57:24","date_gmt":"2013-09-04T17:57:24","guid":{"rendered":"https:\/\/www.hafk.no\/hafk_medlemmer\/?page_id=3268"},"modified":"2026-03-24T14:42:02","modified_gmt":"2026-03-24T12:42:02","slug":"fotostudio-og-printer","status":"publish","type":"page","link":"https:\/\/www.hafk.no\/hafk_medlemmer\/fotostudio-og-printer\/","title":{"rendered":"Fotostudio og printer"},"content":{"rendered":"<p><span data-mce-type=\"bookmark\" style=\"display: inline-block;width: 0px;overflow: hidden;line-height: 0\" class=\"mce_SELRES_start\"><span data-mce-type=\"bookmark\" style=\"display: inline-block;width: 0px;overflow: hidden;line-height: 0\" class=\"mce_SELRES_start\">\ufeff<\/span>\ufeff<\/span>\n<style type=\"text\/css\" data-created_by=\"avia_inline_auto\" id=\"style-css-av-5mkkmc-83d8ac014e62dc8e33dd8d2dde775333\">\n.avia-section.av-5mkkmc-83d8ac014e62dc8e33dd8d2dde775333{\nbackground-color:#3d3d3d;\nbackground-image:unset;\n}\n<\/style>\n<div id='av_section_1'  class='avia-section av-5mkkmc-83d8ac014e62dc8e33dd8d2dde775333 main_color avia-section-large avia-no-border-styling  avia-builder-el-0  el_before_av_section  avia-builder-el-first  avia-bg-style-scroll container_wrap sidebar_right'  ><div class='container av-section-cont-open' ><main  role=\"main\" itemprop=\"mainContentOfPage\"  class='template-page content  av-content-small alpha units'><div class='post-entry post-entry-type-page post-entry-3268'><div class='entry-content-wrapper clearfix'>\n\n<style type=\"text\/css\" data-created_by=\"avia_inline_auto\" id=\"style-css-av-48qt04-beca38e520cb7adfbda590ecb12be4ec\">\n#top .flex_column.av-48qt04-beca38e520cb7adfbda590ecb12be4ec{\nmargin-top:0;\nmargin-bottom:0;\n}\n.flex_column.av-48qt04-beca38e520cb7adfbda590ecb12be4ec{\nborder-radius:0px 0px 0px 0px;\npadding:0px 0px 0px 0px;\n}\n.responsive #top #wrap_all .flex_column.av-48qt04-beca38e520cb7adfbda590ecb12be4ec{\nmargin-top:0;\nmargin-bottom:0;\n}\n<\/style>\n<div  class='flex_column av-48qt04-beca38e520cb7adfbda590ecb12be4ec av_one_full  avia-builder-el-1  avia-builder-el-no-sibling  info-box__col first flex_column_div av-zero-column-padding  '     ><p>\n<style type=\"text\/css\" data-created_by=\"avia_inline_auto\" id=\"style-css-av-kg5kkl95-1cf4c7c5136958cf789b88ab3afabfc8\">\n#top .av-special-heading.av-kg5kkl95-1cf4c7c5136958cf789b88ab3afabfc8{\npadding-bottom:0;\ncolor:#ffffff;\n}\nbody .av-special-heading.av-kg5kkl95-1cf4c7c5136958cf789b88ab3afabfc8 .av-special-heading-tag .heading-char{\nfont-size:25px;\n}\n.av-special-heading.av-kg5kkl95-1cf4c7c5136958cf789b88ab3afabfc8 .special-heading-inner-border{\nborder-color:#ffffff;\n}\n.av-special-heading.av-kg5kkl95-1cf4c7c5136958cf789b88ab3afabfc8 .av-subheading{\nfont-size:15px;\n}\n<\/style>\n<div  class='av-special-heading av-kg5kkl95-1cf4c7c5136958cf789b88ab3afabfc8 av-special-heading-h1 custom-color-heading blockquote modern-quote  avia-builder-el-2  el_before_av_textblock  avia-builder-el-first '><h1 class='av-special-heading-tag '  itemprop=\"headline\"  >Bestilling av tid i fotostudio eller bruk av printer<\/h1><div class='av_custom_color av-subheading av-subheading_below'><p>Kun for medlemmer i Harstad fotoklubb<\/p>\n<\/div><div class=\"special-heading-border\"><div class=\"special-heading-inner-border\"><\/div><\/div><\/div><br \/>\n\n<style type=\"text\/css\" data-created_by=\"avia_inline_auto\" id=\"style-css-av-kdx4riol-60bc573365cd39e37fc51c5fbd2b6e8a\">\n#top .av_textblock_section.av-kdx4riol-60bc573365cd39e37fc51c5fbd2b6e8a .avia_textblock{\ncolor:#ffffff;\n}\n<\/style>\n<section  class='av_textblock_section av-kdx4riol-60bc573365cd39e37fc51c5fbd2b6e8a '   itemscope=\"itemscope\" itemtype=\"https:\/\/schema.org\/CreativeWork\" ><div class='avia_textblock av_inherit_color'  itemprop=\"text\" ><p>Forh\u00e5ndsbetaling (VIPPS) for leie av studioet.<\/p>\n<\/div><\/section><\/p><\/div>\n<span data-mce-type=\"bookmark\" style=\"display: inline-block;width: 0px;overflow: hidden;line-height: 0\" class=\"mce_SELRES_end\">\ufeff<\/span><\/p>\n<\/div><\/div><\/main><!-- close content main element --><\/div><\/div>\n<style type=\"text\/css\" data-created_by=\"avia_inline_auto\" id=\"style-css-av-5mkkmc-4-3fcd557bf02fbec74d66dd4d6cbd3cb8\">\n.avia-section.av-5mkkmc-4-3fcd557bf02fbec74d66dd4d6cbd3cb8{\nbackground-color:#f4f4f4;\nbackground-image:unset;\n}\n<\/style>\n<div id='av_section_2'  class='avia-section av-5mkkmc-4-3fcd557bf02fbec74d66dd4d6cbd3cb8 main_color avia-section-default avia-no-border-styling  avia-builder-el-4  el_after_av_section  avia-builder-el-last  avia-bg-style-scroll container_wrap sidebar_right'  ><div class='container av-section-cont-open' ><div class='template-page content  av-content-small alpha units'><div class='post-entry post-entry-type-page post-entry-3268'><div class='entry-content-wrapper clearfix'>\n<div class='flex_column_table av-48qt04-3-426304da0952e16b7567c2523d50eeab sc-av_one_half av-equal-height-column-flextable'>\n<style type=\"text\/css\" data-created_by=\"avia_inline_auto\" id=\"style-css-av-48qt04-3-426304da0952e16b7567c2523d50eeab\">\n#top .flex_column_table.av-equal-height-column-flextable.av-48qt04-3-426304da0952e16b7567c2523d50eeab{\nmargin-top:0;\nmargin-bottom:0;\n}\n.flex_column.av-48qt04-3-426304da0952e16b7567c2523d50eeab{\nborder-radius:0 0 0 0;\npadding:30px 30px 30px 30px;\nbackground-color:#ffffff;\n}\n<\/style>\n<div  class='flex_column av-48qt04-3-426304da0952e16b7567c2523d50eeab av_one_half  avia-builder-el-5  el_before_av_one_half  avia-builder-el-first  info-box__col first flex_column_table_cell av-equal-height-column av-align-top  '     ><section  class='av_textblock_section av-kekd3lwb-5f585997a4dd935e9fc653b354aee20e '   itemscope=\"itemscope\" itemtype=\"https:\/\/schema.org\/CreativeWork\" ><div class='avia_textblock'  itemprop=\"text\" ><h2>Studio<\/h2>\n<p>NB! Utsjekkingskurs m\u00e5 v\u00e6re gjennomg\u00e5tt for \u00e5 f\u00e5 tilgang til studioet og\/eller printer.<\/p>\n<h3>Priser:<\/h3>\n<p>Studio &#8211;\u00a03 timers bruk. <strong>Forskuddsbetaling<\/strong>: Kr. 200,- \/ kommersielt bruk: Kr. 400,-<\/p>\n<h3>Betaling:<\/h3>\n<p>Betaling for bruk gj\u00f8res via VIPPS til Harstad fotoklubb, <strong>Vippsnummer: 104168<\/strong><\/p>\n<p><strong>Husk at betalingen m\u00e5 overf\u00f8res f\u00f8r studioleie blir godkjent.<\/strong><\/p>\n<p>Send\u00a0 kopi av VIPPS-kvittering til Lise Marie p\u00e5 enten MMS (91330380), <a href=\"https:\/\/www.facebook.com\/549301948\/\" target=\"_blank\" rel=\"noopener\">Messenger<\/a> eller e-post (<a href=\"mailto:post@hafk.no\">post@hafk.no<\/a>)<\/p>\n<\/div><\/section><\/div><div class='av-flex-placeholder'><\/div>\n<style type=\"text\/css\" data-created_by=\"avia_inline_auto\" id=\"style-css-av-48qt04-2-a7c9c85eb0814acddc761d9772d04c3e\">\n#top .flex_column_table.av-equal-height-column-flextable.av-48qt04-2-a7c9c85eb0814acddc761d9772d04c3e{\nmargin-top:0;\nmargin-bottom:0;\n}\n.flex_column.av-48qt04-2-a7c9c85eb0814acddc761d9772d04c3e{\nborder-radius:0 0 0 0;\npadding:30px 30px 30px 30px;\nbackground-color:#ffffff;\n}\n<\/style>\n<div  class='flex_column av-48qt04-2-a7c9c85eb0814acddc761d9772d04c3e av_one_half  avia-builder-el-7  el_after_av_one_half  el_before_av_hr  info-box__col flex_column_table_cell av-equal-height-column av-align-top  '     ><section  class='av_textblock_section av-kekd3lwb-1-65a323ec75a33be2722b990f8fa4da07 '   itemscope=\"itemscope\" itemtype=\"https:\/\/schema.org\/CreativeWork\" ><div class='avia_textblock'  itemprop=\"text\" ><h2>Printer<\/h2>\n<p>Printeren st\u00e5r i studioet, og det m\u00e5 derfor reserveres tid f\u00f8r bruk.<\/p>\n<p>NB! Det er kun klubbens medlemmer som kan benytte studio og printer. Det er ikke tillatt \u00e5 la familie, venner og bekjente l\u00e5ne utstyret p\u00e5 dine vegne.<\/p>\n<p>Printer m\u00e5 ogs\u00e5 <strong>reserveres for 3 timer<\/strong>, men betaling gj\u00f8res etterskuddsvis etter forbruk.<\/p>\n<p>Printeren er en Epson SC-P800\u00a0 <a href=\"https:\/\/www.epson.no\/no_NO\/support\/sc\/epson-surecolor-sc-p800\/s\/s1390\">Link til side for drivere, bruksanvisning m.m.<\/a><\/p>\n<h3>Priser:<\/h3>\n<p>A4 : Kr. 30,-\u00a0 pr. utskrift<br \/>\nA3 : Kr. 60,-\u00a0 pr. utskrift<br \/>\nA3+: Kr. 75,-\u00a0 pr. utskrift<br \/>\nA2: Kr. 100,-\u00a0 pr. utskrift<\/p>\n<p>Forbruk betales umiddelbart p\u00e5 Vipps.<strong>Vippsnummer: 104168<\/strong><\/p>\n<\/div><\/section><\/div><\/div><!--close column table wrapper. Autoclose: 1 -->\n<style type=\"text\/css\" data-created_by=\"avia_inline_auto\" id=\"style-css-av-kg5kmwac-7484690aa31da102e25b69debe0746c1\">\n#top .hr.hr-invisible.av-kg5kmwac-7484690aa31da102e25b69debe0746c1{\nheight:30px;\n}\n<\/style>\n<div  class='hr av-kg5kmwac-7484690aa31da102e25b69debe0746c1 hr-invisible  avia-builder-el-9  el_after_av_one_half  el_before_av_textblock '><span class='hr-inner '><span class=\"hr-inner-style\"><\/span><\/span><\/div>\n<section  class='av_textblock_section av-kzbhrid1-281228a4eca84c408e594c4f1dd9839b '   itemscope=\"itemscope\" itemtype=\"https:\/\/schema.org\/CreativeWork\" ><div class='avia_textblock'  itemprop=\"text\" ><h2>Bestilling:<\/h2>\n<p>Klikk p\u00e5 \u00f8nsket <strong>dato<\/strong> og velg <strong>tidspunkt<\/strong>, <strong>studio<\/strong> eller <strong>printer<\/strong>, og skriv inn navn og e-post for \u00e5 booke tid:<\/p>\n<\/div><\/section>\n\n<style type=\"text\/css\" data-created_by=\"avia_inline_auto\" id=\"style-css-av-1zevi4-a5edf722aab054d5f1aab5d1b2a1958e\">\n#top .hr.hr-invisible.av-1zevi4-a5edf722aab054d5f1aab5d1b2a1958e{\nheight:15px;\n}\n<\/style>\n<div  class='hr av-1zevi4-a5edf722aab054d5f1aab5d1b2a1958e hr-invisible  avia-builder-el-11  el_after_av_textblock  el_before_av_textblock '><span class='hr-inner '><span class=\"hr-inner-style\"><\/span><\/span><\/div>\n\n<style type=\"text\/css\" data-created_by=\"avia_inline_auto\" id=\"style-css-av-kzbiiyna-6485ba45e6dcc708595377f746fc4e44\">\n#top .av_textblock_section.av-kzbiiyna-6485ba45e6dcc708595377f746fc4e44 .avia_textblock{\ntext-align:center;\n}\n<\/style>\n<section  class='av_textblock_section av-kzbiiyna-6485ba45e6dcc708595377f746fc4e44 '   itemscope=\"itemscope\" itemtype=\"https:\/\/schema.org\/CreativeWork\" ><div class='avia_textblock'  itemprop=\"text\" > <div id=\"form_id1286075014420\"  class=\"wpbc_container wpbc_form wpbc_container_booking_form  \" ><form  id=\"booking_form1\"   class=\"booking_form vertical\" method=\"post\" action=\"\"><div id=\"ajax_respond_insert1\" class=\"ajax_respond_insert\" style=\"display:none;\"><\/div><a name=\"bklnk1\" id=\"bklnk1\"><\/a><div id=\"booking_form_div1\" class=\"booking_form_div\"><style type=\"text\/css\">.wpbc_container_booking_form .block_hints, .wpbc_booking_form_simple.wpbc_form_center .wpbc__form__div .wpbc__row.wpbc_r_calendar,  .wpbc_booking_form_simple .wpbc__form__div .wpbc__row:not(.wpbc_r_calendar){max-width:440px;} <\/style>\n<div class=\"wpbc_booking_form_simple \">\n    <div class=\"wpbc__form__div\">\n\t<div class=\"wpbc_r_calendar wpbc__row\">\n      <div class=\"wpbc_r_calendar wpbc__field\"> <div class=\"wpbc_calendar_wraper wpbc_calendar_skin_legacy\"><style type=\"text\/css\" rel=\"stylesheet\" >.hasDatepick .datepick-inline .datepick-title-row th,.hasDatepick .datepick-inline .datepick-days-cell,.hasDatepick .datepick-inline .wpbc-cell-box{ max-height: 40px; }<\/style><div class=\"wpbc_cal_container bk_calendar_frame months_num_in_row_2 cal_month_num_2 wpbc_timeslot_day_bg_as_available\" style=\"width:100%;max-width:100%;\"><div id=\"calendar_booking1\"  class=\"wpbc_calendar_id_1\" ><style type=\"text\/css\" rel=\"stylesheet\" >\r\n\t\t#calendar_booking1 .calendar_loader_frame {\r\n\t\t\twidth: calc(341px * '. intval( $months_number ) . ');\r\n\t\t\tmax-width: 100%;\r\n\t\t\theight: 307px;\r\n\t\t\tborder: 0px solid #ccc;\r\n\t\t\tdisplay: flex;\r\n\t\t\tflex-flow: column nowrap;\r\n\t\t\talign-items: center;\r\n\t\t\tjustify-content: center;\r\n\t\t\tborder-radius: 5px;\r\n\t\t\tbox-shadow: 0 0 2px #ccc;\r\n\t\t\taspect-ratio0: 1 \/ 1;\r\n\t\t\tgap: 15px;\r\n\t\t\tcolor: var(--wpbc_cal-selected-day-color, #4b74aa);\r\n\t\t\tbackground: var(--wpbc_cal-main-background-color, #fff);\r\n\t\t\tcolor: var(--wpbc_cal-available-text-color);\r\n\t\t\tbackground: rgb(from var(--wpbc_cal-available-day-color) r g b \/ var(--wpbc_cal-day-bg-color-opacity));\r\n\t\t\tborder: var(--wpbc_cal-day-cell-border-width) solid var(--wpbc_cal-available-day-color);\r\n\t\t}\r\n\t\t#calendar_booking1 .calendar_loader_frame .calendar_loader_text {\r\n\t\t\tfont-size: 18px;\r\n\t\t\ttext-align: center;\r\n\t\t}\r\n\t\t.calendar_loader_frame__progress_line_container {\r\n\t\t\twidth: 50%;\r\n\t\t\tborder: 0px solid #757575;\r\n\t\t\theight: 3px;\r\n\t\t\tborder-radius: 6px;\r\n\t\t\tmargin: 7px 0 0 0;\r\n\t\t\toverflow: hidden;\r\n\t\t\tbackground: #202020;\r\n\t\t\tborder-radius: 30px;\r\n\t\t}\r\n\t\t.calendar_loader_frame__progress_line {\r\n\t\t\tfont-size: 6px;\r\n\t\t\tfont-weight: 600;\r\n\t\t\tborder-radius: 6px;\r\n\t\t\tword-wrap: normal;\r\n\t\t\twhite-space: nowrap;\r\n\t\t\tbackground: #8ECE01;\r\n\t\t\twidth: 0%;\r\n\t\t\theight: 3px;\r\n\t\t\tborder-radius: 30px;\r\n\t\t\tanimation: calendar_loader_bar_progress_line_animation 3s infinite;\r\n\t\t}\r\n\t\t@keyframes calendar_loader_bar_progress_line_animation {\r\n\t\t\t100% {\r\n\t\t\t\twidth: 100%;\r\n\t\t\t}\r\n\t\t}\r\n\t<\/style>\r\n\t<div class=\"calendar_loader_frame calendar_loader_frame1\">\r\n\t\t<div class=\"calendar_loader_text\">Loading...<\/div>\r\n\t\t<div class=\"calendar_loader_frame__progress_line_container\"><div class=\"calendar_loader_frame__progress_line\"><\/div><\/div>\r\n\t<\/div>\r\n\t\t<script type=\"text\/javascript\">\r\n\t\t\tsetTimeout(\r\n\t\t\tfunction () {\r\n\t\t\t\t(function() { var a = setInterval( function() {  if ( ( 'undefined' === typeof jQuery ) || ! window.jQuery ) { return; } clearInterval( a ); jQuery( document ).ready( function () {\r\n\t\t\t\t\tif (\r\n\t\t\t\t\t\t('undefined' === typeof _wpbc) ||\r\n\t\t\t\t\t\t('undefined' === typeof jQuery.datepick)\r\n\t\t\t\t\t) {\r\n\t\t\t\t\t\t\/\/ FixIn: 10.14.1.1.\r\n\t\t\t\t\t\tvar error_loading_message = '';\r\n\t\t\t\t\t\tif ( 'undefined' === typeof _wpbc ) {\r\n\t\t\t\t\t\t\terror_loading_message = 'It appears that the &quot;_wpbc&quot; library is not loading correctly.';\r\n\t\t\t\t\t\t\terror_loading_message += '<br><br>Please enable the loading of JS\/CSS files for this page on the &quot;WP Booking Calendar&quot; - &quot;Settings General&quot; - &quot;Advanced&quot; page';\r\n\t\t\t\t\t\t} else if ( 'undefined' === typeof jQuery.datepick ) {\r\n\t\t\t\t\t\t\terror_loading_message = 'It appears that the &quot;jQuery.datepick&quot; library is not loading correctly.';\r\n\t\t\t\t\t\t}\r\n\t\t\t\t\t\tjQuery( '.calendar_loader_frame1 .calendar_loader_text' ).html( '<div style=\"font-size: 13px;margin: 10px;\">' + error_loading_message + '<br><br>For more information, please refer to this page: https:\/\/wpbookingcalendar.com\/faq\/<br><br>Contact support@wpbookingcalendar.com if you have any questions.<\/div>' );\r\n\t\t\t\t\t\treturn;\r\n\t\t\t\t\t}\r\n\t\t\t\t\tjQuery( '.calendar_loader_frame1 .calendar_loader_text').html( '<div style=\"font-size: 13px;margin: 10px;\">You have added the same calendar (ID = 1) more than once on this page. Please keep only one calendar with the same ID on a page to avoid conflicts.<br><br>Contact support@wpbookingcalendar.com if you have any questions.<\/div>' );\r\n\t\t\t\t\tif ( jQuery( '.calendar_loader_frame1').length ){\r\n\t\t\t\t\t\tconsole.log( 'WPBC Error! Duplicate calendar detected. ' , jQuery( '.wpbc_calendar_id_1') );\r\n\t\t\t\t\t}\r\n\t\t\t\t} ); }, 500 ); })();\r\n\t\t\t},\r\n\t\t\t8000\r\n\t\t);\r\n\t<\/script>\r\n\t<\/div><\/div><div style=\"font-size:7px;text-align:left;margin:0 0 10px;text-shadow: none;\">Powered by <a href=\"https:\/\/wpbookingcalendar.com\" style=\"font-size:7px;\" target=\"_blank\" title=\"Booking Calendar plugin for WordPress\">Booking Calendar<\/a><\/div><textarea id=\"date_booking1\" name=\"date_booking1\" autocomplete=\"off\" style=\"display:none;\"><\/textarea><div class=\"block_hints datepick \"><div class=\"wpdev_hint_with_text\"><div class=\"\"><div class=\"datepick-inline wpbc_calendar_legend_table_width_height\"><table class=\"datepick wpbc_calendar\" style=\"\"><tbody><tr><td class=\"datepick-days-cell date_available wpbc_calendar_legend_day_cell_height\"><div class=\"wpbc-cell-box\">\t<div class=\"date-cell-content\">\t\t<div class=\"date-content-top\"><\/div>\t\t<a>16<\/a>\t\t<div class=\"date-content-bottom\"><\/div>\t<\/div><\/div><\/td><\/tr><\/tbody><\/table><\/div><\/div><div class=\"block_text\">- <\/div><div class=\"block_text\">Tilgjengelig<\/div><\/div><div class=\"wpdev_hint_with_text\"><div class=\"\"><span class=\" wpbc_timeslot_day_bg_as_available\"><div class=\"datepick-inline wpbc_calendar_legend_table_width_height\"><table class=\"datepick wpbc_calendar\" style=\"\"><tbody><tr><td class=\"datepick-days-cell date_available date2approve timespartly times_clock wpbc_calendar_legend_day_cell_height\"><div class=\"wpbc-cell-box\">\t<div class=\"wpbc-diagonal-el\">\t\t<div class=\"wpbc-co-out\"><svg height=\"100%\" width=\"100%\" viewBox=\"0 0 100 100\" preserveAspectRatio=\"none\"><polygon points=\"0,0 0,99 99,0\"><\/polygon><polygon points=\"0,0 0,100 49,100 49,0\"><\/polygon><\/svg><\/div>\t\t<div class=\"wpbc-co-in\"><svg height=\"100%\" width=\"100%\" viewBox=\"0 0 98 98\" preserveAspectRatio=\"none\"><polygon points=\"0,99 99,99 99,0\"><\/polygon><polygon points=\"50,98 98,98 98,0 50,0\"><\/polygon><\/svg><\/div>\t<\/div>\t<div class=\"date-cell-content\">\t\t<div class=\"date-content-top\"><div class=\"wpbc_time_dots\">\u00b7<\/div><\/div>\t\t<a>16<\/a>\t\t<div class=\"date-content-bottom\"><\/div>\t<\/div><\/div><\/td><\/tr><\/tbody><\/table><\/div><\/span><\/div><div class=\"block_text\">- <\/div><div class=\"block_text\">Delvis reservert<\/div><\/div><\/div><\/div><\/div>\n\t<\/div>\n\t<div class=\"wpbc__row\">\n      <div class=\"wpbc_r_rangetime wpbc__field\">  <label for=\"rangetime1\">Velg tidspunkt*<\/label><br>   <select name=\"rangetime1\" id=\"rangetime1\" class=\"input-xlarge wpdev-validates-as-required\" >  <option value=\"00:00 - 02:59\" >00 - 03<\/option>  <option value=\"03:00 - 05:59\" >03 - 06<\/option>  <option value=\"06:00 - 08:59\" >06 - 09<\/option>  <option value=\"09:00 - 11:59\" >09 - 12<\/option>  <option value=\"12:00 - 14:59\" >12 - 15<\/option>  <option value=\"15:00 - 17:59\" >15 - 18<\/option>  <option value=\"18:00 - 20:59\" >18 - 21<\/option>  <option value=\"21:00 - 23:59\" >21 - 00<\/option>     <\/select><\/div>\n\t<\/div>\n\t<div class=\"wpbc__row\">\n      <div class=\"wpbc_r_studioellerprinter wpbc__field\">  <label for=\"studioellerprinter1\">Studio eller printer?<\/label><br>   <select name=\"studioellerprinter1\" id=\"studioellerprinter1\" class=\"input-xlarge\" >  <option value=\"Studio (200,-)\" >Studio (200,-)<\/option>  <option value=\"Studio kommersielt (400,-)\" >Studio kommersielt (400,-)<\/option>  <option value=\"Printer (etter forbruk)\" >Printer (etter forbruk)<\/option>     <\/select><\/div>\n\t<\/div>\n\t<div class=\"wpbc__row\">\n      <div class=\"wpbc_r_name wpbc__field\">  <label for=\"name1\">Navn*<\/label><br>   <input type=\"text\" name=\"name1\" id=\"name1\" class=\"input-xlarge wpdev-validates-as-required\" \/><\/div>\n\t<\/div>\n\t<div class=\"wpbc__row\">\n      <div class=\"wpbc_r_email wpbc__field\">  <label for=\"email1\">E-post*<\/label><br>   <input type=\"email\" name=\"email1\" id=\"email1\" class=\"input-xlarge wpdev-validates-as-email wpdev-validates-as-required wpdev-validates-as-required\" \/><\/div>\n\t<\/div>\n\t<div class=\"wpbc__row\">\n      <div class=\"wpbc_r_submit wpbc__field\"> <button class=\"wpbc_button_light\" type=\"button\" onclick=\"mybooking_submit(this.form,1,'nb_NO');\" >Send<\/button>\n<\/div>\n\t<\/div>\n    <\/div>\n<\/div><input id=\"bk_type1\" name=\"bk_type1\" class=\"\" type=\"hidden\" value=\"1\" \/><\/div><div id=\"submiting1\"><\/div><div class=\"form_bk_messages\" id=\"form_bk_messages1\" ><\/div><input type=\"hidden\" id=\"wpbc_nonceCALCULATE_THE_COST1\" name=\"wpbc_nonceCALCULATE_THE_COST1\" value=\"e32ee32a33\" \/><input type=\"hidden\" name=\"_wp_http_referer\" value=\"\/hafk_medlemmer\/wp-json\/wp\/v2\/pages\/3268\" \/><\/form><\/div><div id=\"booking_form_garbage1\" class=\"booking_form_garbage\"><\/div><script type=\"text\/javascript\"> (function() { var a = setInterval( function() {  if ( ( 'undefined' === typeof _wpbc ) || ( 'undefined' === typeof jQuery ) || ! window.jQuery ) { return; } clearInterval( a ); jQuery( document ).ready( function (){ jQuery(\".widget_wpdev_booking .booking_form.form-horizontal\").removeClass(\"form-horizontal\");\n                                    var visible_calendars_count = _wpbc.get_other_param( \"calendars__on_this_page\" ).length;\n                                    if (visible_calendars_count !== null ) {\n                                        for (var i=0;i< visible_calendars_count ;i++){\n                                          if ( _wpbc.get_other_param( \"calendars__on_this_page\" )[i] === 1 ) {\n                                          \tconsole.log(\"%c Warning! The booking calendar for this resource with the ID = 1 is already on the page. Find more details here: https:\/\/wpbookingcalendar.com\/faq\/why-the-booking-calendar-widget-not-show-on-page\/\", \"color: #e77; font-weight:bold\");\n                                          }\n                                        }\n                                        _wpbc.get_other_param( \"calendars__on_this_page\" )[ visible_calendars_count ]=1;\n                                    } } ); }, 500 ); })();<\/script> <script type=\"text\/javascript\"> (function() { var a = setInterval( function() {  if ( ( 'undefined' === typeof _wpbc ) || ( 'undefined' === typeof jQuery ) || ! window.jQuery ) { return; } clearInterval( a ); jQuery( document ).ready( function (){ _wpbc.balancer__set_max_threads( 3 );  _wpbc.calendar__set_param_value( 1 , 'calendar_scroll_to' , false );  _wpbc.calendar__set_param_value( 1 , 'calendar_dates_start' , '' );  _wpbc.calendar__set_param_value( 1 , 'calendar_dates_end' , '' );  _wpbc.calendar__set_param_value( 1 , 'booking_max_monthes_in_calendar' , '1y' );  _wpbc.calendar__set_param_value( 1 , 'booking_start_day_weeek' , '1' );  _wpbc.calendar__set_param_value( 1 , 'calendar_number_of_months' , '2' );   _wpbc.calendar__set_param_value( 1, 'days_select_mode', 'single' );   _wpbc.calendar__set_param_value( 1, 'fixed__days_num', 3 );   _wpbc.calendar__set_param_value( 1, 'fixed__week_days__start',   [-1] );   _wpbc.calendar__set_param_value( 1, 'dynamic__days_min', 1 );   _wpbc.calendar__set_param_value( 1, 'dynamic__days_max', 30 );   _wpbc.calendar__set_param_value( 1, 'dynamic__days_specific',    [] );   _wpbc.calendar__set_param_value( 1, 'dynamic__week_days__start', [-1] );   _wpbc.calendar__set_param_value( 1, 'booking_date_format', 'j. F Y' );   _wpbc.calendar__set_param_value( 1, 'booking_time_format', 'H:i' );   if ( 'function' === typeof ( wpbc__conditions__SAVE_INITIAL__days_selection_params__bm ) ){ wpbc__conditions__SAVE_INITIAL__days_selection_params__bm( 1 ); }   wpbc_calendar_show( '1' );   _wpbc.set_secure_param( 'nonce',   'e5ee4e983f' );   _wpbc.set_secure_param( 'user_id', '0' );   _wpbc.set_secure_param( 'locale',  'nb_NO' );  wpbc_calendar__load_data__ajx( {\"resource_id\":1,\"booking_hash\":\"\",\"request_uri\":\"\\\/hafk_medlemmer\\\/wp-json\\\/wp\\\/v2\\\/pages\\\/3268\",\"custom_form\":\"standard\",\"aggregate_resource_id_str\":\"1,1\",\"aggregate_type\":\"all\"} ); } ); }, 500 ); })();<\/script>\n<\/div><\/section>\n<\/div><\/div><\/div><!-- close content main div --><\/div><\/div><div id='after_section_2'  class='main_color av_default_container_wrap container_wrap sidebar_right'  ><div class='container av-section-cont-open' ><div class='template-page content  av-content-small alpha units'><div class='post-entry post-entry-type-page post-entry-3268'><div class='entry-content-wrapper clearfix'>\n","protected":false},"excerpt":{"rendered":"<p>\ufeff\ufeff\ufeff<\/p>\n","protected":false},"author":2,"featured_media":0,"parent":0,"menu_order":0,"comment_status":"closed","ping_status":"open","template":"","meta":{"inline_featured_image":false,"_cbd_carousel_blocks":"[]","footnotes":""},"class_list":["post-3268","page","type-page","status-publish","hentry"],"_links":{"self":[{"href":"https:\/\/www.hafk.no\/hafk_medlemmer\/wp-json\/wp\/v2\/pages\/3268","targetHints":{"allow":["GET"]}}],"collection":[{"href":"https:\/\/www.hafk.no\/hafk_medlemmer\/wp-json\/wp\/v2\/pages"}],"about":[{"href":"https:\/\/www.hafk.no\/hafk_medlemmer\/wp-json\/wp\/v2\/types\/page"}],"author":[{"embeddable":true,"href":"https:\/\/www.hafk.no\/hafk_medlemmer\/wp-json\/wp\/v2\/users\/2"}],"replies":[{"embeddable":true,"href":"https:\/\/www.hafk.no\/hafk_medlemmer\/wp-json\/wp\/v2\/comments?post=3268"}],"version-history":[{"count":29,"href":"https:\/\/www.hafk.no\/hafk_medlemmer\/wp-json\/wp\/v2\/pages\/3268\/revisions"}],"predecessor-version":[{"id":6928,"href":"https:\/\/www.hafk.no\/hafk_medlemmer\/wp-json\/wp\/v2\/pages\/3268\/revisions\/6928"}],"wp:attachment":[{"href":"https:\/\/www.hafk.no\/hafk_medlemmer\/wp-json\/wp\/v2\/media?parent=3268"}],"curies":[{"name":"wp","href":"https:\/\/api.w.org\/{rel}","templated":true}]}}