{"id":2276,"date":"2012-09-25T19:26:24","date_gmt":"2012-09-25T19:26:24","guid":{"rendered":"https:\/\/www.hafk.no\/hafk_medlemmer\/?page_id=2276"},"modified":"2020-10-12T12:20:10","modified_gmt":"2020-10-12T10:20:10","slug":"hjem","status":"publish","type":"page","link":"https:\/\/www.hafk.no\/hafk_medlemmer\/","title":{"rendered":"Hjem"},"content":{"rendered":"\n<style type=\"text\/css\" data-created_by=\"avia_inline_auto\" id=\"style-css-av-5mkkmc-83d8ac014e62dc8e33dd8d2dde775333\">\n.avia-section.av-5mkkmc-83d8ac014e62dc8e33dd8d2dde775333{\nbackground-color:#3d3d3d;\nbackground-image:unset;\n}\n<\/style>\n<div id='av_section_1'  class='avia-section av-5mkkmc-83d8ac014e62dc8e33dd8d2dde775333 main_color avia-section-large avia-no-border-styling  avia-builder-el-0  el_before_av_section  avia-builder-el-first  avia-bg-style-scroll container_wrap sidebar_right'  ><div class='container av-section-cont-open' ><main  role=\"main\" itemprop=\"mainContentOfPage\"  class='template-page content  av-content-small alpha units'><div class='post-entry post-entry-type-page post-entry-2276'><div class='entry-content-wrapper clearfix'>\n\n<style type=\"text\/css\" data-created_by=\"avia_inline_auto\" id=\"style-css-av-48qt04-beca38e520cb7adfbda590ecb12be4ec\">\n#top .flex_column.av-48qt04-beca38e520cb7adfbda590ecb12be4ec{\nmargin-top:0;\nmargin-bottom:0;\n}\n.flex_column.av-48qt04-beca38e520cb7adfbda590ecb12be4ec{\nborder-radius:0px 0px 0px 0px;\npadding:0px 0px 0px 0px;\n}\n.responsive #top #wrap_all .flex_column.av-48qt04-beca38e520cb7adfbda590ecb12be4ec{\nmargin-top:0;\nmargin-bottom:0;\n}\n<\/style>\n<div  class='flex_column av-48qt04-beca38e520cb7adfbda590ecb12be4ec av_one_full  avia-builder-el-1  avia-builder-el-no-sibling  info-box__col first flex_column_div av-zero-column-padding  '     ><p>\n<style type=\"text\/css\" data-created_by=\"avia_inline_auto\" id=\"style-css-av-kg5k0c9j-fc3403b1fead534d48a41cae917abfce\">\n#top .av-special-heading.av-kg5k0c9j-fc3403b1fead534d48a41cae917abfce{\npadding-bottom:0;\ncolor:#ffffff;\n}\nbody .av-special-heading.av-kg5k0c9j-fc3403b1fead534d48a41cae917abfce .av-special-heading-tag .heading-char{\nfont-size:25px;\n}\n.av-special-heading.av-kg5k0c9j-fc3403b1fead534d48a41cae917abfce .special-heading-inner-border{\nborder-color:#ffffff;\n}\n.av-special-heading.av-kg5k0c9j-fc3403b1fead534d48a41cae917abfce .av-subheading{\nfont-size:15px;\n}\n<\/style>\n<div  class='av-special-heading av-kg5k0c9j-fc3403b1fead534d48a41cae917abfce av-special-heading-h1 custom-color-heading blockquote modern-quote  avia-builder-el-2  el_before_av_hr  avia-builder-el-first '><h1 class='av-special-heading-tag '  itemprop=\"headline\"  >Harstad fotoklubb &#8211; for medlemmer<\/h1><div class=\"special-heading-border\"><div class=\"special-heading-inner-border\"><\/div><\/div><\/div><br \/>\n\n<style type=\"text\/css\" data-created_by=\"avia_inline_auto\" id=\"style-css-av-kf8b0az5-0c324b06c4a4117f424690fa969e044e\">\n#top .hr.hr-invisible.av-kf8b0az5-0c324b06c4a4117f424690fa969e044e{\nheight:15px;\n}\n<\/style>\n<div  class='hr av-kf8b0az5-0c324b06c4a4117f424690fa969e044e hr-invisible  avia-builder-el-3  el_after_av_heading  el_before_av_button '><span class='hr-inner '><span class=\"hr-inner-style\"><\/span><\/span><\/div><br \/>\n<div  class='avia-button-wrap av-1yvpbo-4f9d58f60b70d43c624d9fb3d867a93a-wrap avia-button-left  avia-builder-el-4  el_after_av_hr  avia-builder-el-last  hafk-button'><a href='https:\/\/www.hafk.no\/'  class='avia-button av-1yvpbo-4f9d58f60b70d43c624d9fb3d867a93a av-link-btn avia-icon_select-no avia-size-medium avia-position-left avia-color-theme-color'   aria-label=\"Tilbake til hovedside\"><span class='avia_iconbox_title' >Tilbake til hovedside<\/span><\/a><\/div><\/p><\/div>\n\n<\/div><\/div><\/main><!-- close content main element --><\/div><\/div>\n<style type=\"text\/css\" data-created_by=\"avia_inline_auto\" id=\"style-css-av-5mkkmc-d023c18d3535f89efce79c794a92eb89\">\n.avia-section.av-5mkkmc-d023c18d3535f89efce79c794a92eb89{\nbackground-color:#f4f4f4;\nbackground-image:unset;\n}\n<\/style>\n<div id='av_section_2'  class='avia-section av-5mkkmc-d023c18d3535f89efce79c794a92eb89 main_color avia-section-default avia-no-border-styling  avia-builder-el-5  el_after_av_section  el_before_av_section  avia-bg-style-scroll container_wrap sidebar_right'  ><div class='container av-section-cont-open' ><div class='template-page content  av-content-small alpha units'><div class='post-entry post-entry-type-page post-entry-2276'><div class='entry-content-wrapper clearfix'>\n\n<style type=\"text\/css\" data-created_by=\"avia_inline_auto\" id=\"style-css-av-48qt04-b4cac6c2063176fb9980191f3018f85e\">\n#top .flex_column.av-48qt04-b4cac6c2063176fb9980191f3018f85e{\nmargin-top:0;\nmargin-bottom:0;\n}\n.flex_column.av-48qt04-b4cac6c2063176fb9980191f3018f85e{\nborder-width:1px;\nborder-color:#ff0000;\nborder-style:solid;\nborder-radius:0 0 0 0;\npadding:30px 30px 30px 30px;\nbackground-color:#ffffff;\n}\n.responsive #top #wrap_all .flex_column.av-48qt04-b4cac6c2063176fb9980191f3018f85e{\nmargin-top:0;\nmargin-bottom:0;\n}\n<\/style>\n<div  class='flex_column av-48qt04-b4cac6c2063176fb9980191f3018f85e av_one_full  avia-builder-el-6  avia-builder-el-no-sibling  info-box__col first flex_column_div  '     ><section  class='av_textblock_section av-kdx4riol-ca28c9d073b8a9b359f76d8dfb2dcf62 '   itemscope=\"itemscope\" itemtype=\"https:\/\/schema.org\/CreativeWork\" ><div class='avia_textblock'  itemprop=\"text\" ><h2 class=\"av-special-heading-tag \">Medlemmer i Harstad fotoklubb<\/h2>\n<p>P\u00e5 disse sidene finner du som medlem i fotoklubben rask tilgang til konkurransetemaer, bestilling av studio og andre praktiske opplysninger.<\/p>\n<p>Per n\u00e5 ligger sidene \u00e5pne for almenheten, dette er av praktiske hensyn for \u00e5 slippe innlogging og andre barri\u00e8rer.<\/p>\n<p>Dersom du ikke er medlem i Harstad fotoklubb vil disse sidene ikke v\u00e6re s\u00e6rlig nyttige, og vi anbefaler at du heller bes\u00f8ker v\u00e5r vanlige webside. P\u00e5 den finnes informasjon om klubben, v\u00e5re aktiviteter, og &#8211; selvsagt &#8211; mange flotte bilder!<\/p>\n<\/div><\/section><\/div>\n\n<\/div><\/div><\/div><!-- close content main div --><\/div><\/div>\n<style type=\"text\/css\" data-created_by=\"avia_inline_auto\" id=\"style-css-av-5mkkmc-52b167eb1a7d2440a387a7562743c51c\">\n.avia-section.av-5mkkmc-52b167eb1a7d2440a387a7562743c51c{\nbackground-color:#ffffff;\nbackground-image:unset;\n}\n<\/style>\n<div id='av_section_3'  class='avia-section av-5mkkmc-52b167eb1a7d2440a387a7562743c51c main_color avia-section-default avia-no-border-styling  avia-builder-el-8  el_after_av_section  avia-builder-el-last  bg-white link-cols avia-bg-style-scroll container_wrap sidebar_right'  ><div class='container av-section-cont-open' ><div class='template-page content  av-content-small alpha units'><div class='post-entry post-entry-type-page post-entry-2276'><div class='entry-content-wrapper clearfix'>\n\n<style type=\"text\/css\" data-created_by=\"avia_inline_auto\" id=\"style-css-av-48qt04-2877a7e92153b95b7302e31b854ea6b0\">\n#top .flex_column.av-48qt04-2877a7e92153b95b7302e31b854ea6b0{\nmargin-top:0;\nmargin-bottom:0;\n}\n.flex_column.av-48qt04-2877a7e92153b95b7302e31b854ea6b0{\nborder-radius:5px 5px 5px 5px;\npadding:0 0 0 0;\nbackground-color:#ffffff;\n}\n.responsive #top #wrap_all .flex_column.av-48qt04-2877a7e92153b95b7302e31b854ea6b0{\nmargin-top:0;\nmargin-bottom:0;\n}\n<\/style>\n<div  class='flex_column av-48qt04-2877a7e92153b95b7302e31b854ea6b0 av_one_third  avia-builder-el-9  el_before_av_one_third  avia-builder-el-first  first flex_column_div av-zero-column-padding avia-link-column av-column-link avia-link-column-hover  '    data-link-column-url=\"https:\/\/www.hafk.no\/hafk_medlemmer\/fotostudio-og-printer\/\"   ><a class=\"av-screen-reader-only\" href=https:\/\/www.hafk.no\/hafk_medlemmer\/fotostudio-og-printer\/ >Link to: Fotostudio og printer<\/a><p>\n<style type=\"text\/css\" data-created_by=\"avia_inline_auto\" id=\"style-css-av-kfzfou34-bdfbbb422ce349473f6178adb74a21d9\">\n.avia-image-container.av-kfzfou34-bdfbbb422ce349473f6178adb74a21d9 img.avia_image{\nbox-shadow:none;\n}\n.avia-image-container.av-kfzfou34-bdfbbb422ce349473f6178adb74a21d9 .av-image-caption-overlay-center{\ncolor:#ffffff;\n}\n<\/style>\n<div  class='avia-image-container av-kfzfou34-bdfbbb422ce349473f6178adb74a21d9 av-styling- avia-align-center  avia-builder-el-10  el_before_av_button_big  avia-builder-el-no-sibling '   itemprop=\"image\" itemscope=\"itemscope\" itemtype=\"https:\/\/schema.org\/ImageObject\" ><div class=\"avia-image-container-inner\"><div class=\"avia-image-overlay-wrap\"><img decoding=\"async\" fetchpriority=\"high\" class='wp-image-6690 avia-img-lazy-loading-not-6690 avia_image ' src=\"https:\/\/www.hafk.no\/hafk_medlemmer\/wp-content\/uploads\/sites\/4\/2020\/10\/home-columns_0003_fotostudio.jpg\" alt='' title='home-columns_0003_fotostudio'  height=\"400\" width=\"600\"  itemprop=\"thumbnailUrl\" srcset=\"https:\/\/www.hafk.no\/hafk_medlemmer\/wp-content\/uploads\/sites\/4\/2020\/10\/home-columns_0003_fotostudio.jpg 600w, https:\/\/www.hafk.no\/hafk_medlemmer\/wp-content\/uploads\/sites\/4\/2020\/10\/home-columns_0003_fotostudio-300x200.jpg 300w\" sizes=\"(max-width: 600px) 100vw, 600px\" \/><\/div><\/div><\/div><br \/>\n<div  class='avia-button-wrap avia-button-center  avia-builder-el-11  el_after_av_image  avia-builder-el-last '>\n<style type=\"text\/css\" data-created_by=\"avia_inline_auto\" id=\"style-css-av-kfzfnbt6-dd7a026df9b22b21fb888203efcc14d3\">\n#top #wrap_all .avia-button.av-kfzfnbt6-dd7a026df9b22b21fb888203efcc14d3:hover{\ncolor:#ffffff;\ntransition:all 0.4s ease-in-out;\n}\n#top #wrap_all .avia-button.av-kfzfnbt6-dd7a026df9b22b21fb888203efcc14d3:hover .avia-svg-icon svg:first-child{\nfill:#ffffff;\nstroke:#ffffff;\n}\n<\/style>\n<a href='https:\/\/www.hafk.no\/hafk_medlemmer\/fotostudio-og-printer\/' class='avia-color-theme-color avia-font-color-theme-color avia-button avia-button-fullwidth av-kfzfnbt6-dd7a026df9b22b21fb888203efcc14d3 avia-icon_select-no avia-color-theme-color'   aria-label=\"Fotostudio og printer\"><span class='avia_iconbox_title' >Fotostudio og printer<\/span><span class='avia_button_background avia-button avia-button-fullwidth avia-color-theme-color-highlight'><\/span><\/a><\/div><\/p><\/div>\n<style type=\"text\/css\" data-created_by=\"avia_inline_auto\" id=\"style-css-av-48qt04-59eb7101af7dec0b781e52456ed63409\">\n#top .flex_column.av-48qt04-59eb7101af7dec0b781e52456ed63409{\nmargin-top:0;\nmargin-bottom:0;\n}\n.flex_column.av-48qt04-59eb7101af7dec0b781e52456ed63409{\nborder-radius:5px 5px 5px 5px;\npadding:0 0 0 0;\nbackground-color:#ffffff;\n}\n.responsive #top #wrap_all .flex_column.av-48qt04-59eb7101af7dec0b781e52456ed63409{\nmargin-top:0;\nmargin-bottom:0;\n}\n<\/style>\n<div  class='flex_column av-48qt04-59eb7101af7dec0b781e52456ed63409 av_one_third  avia-builder-el-12  el_after_av_one_third  el_before_av_one_third  flex_column_div av-zero-column-padding avia-link-column av-column-link avia-link-column-hover  '    data-link-column-url=\"https:\/\/www.hafk.no\/hafk_medlemmer\/interne-konkurranser\/\"   ><a class=\"av-screen-reader-only\" href=https:\/\/www.hafk.no\/hafk_medlemmer\/interne-konkurranser\/ >Link to: Interne konkurranser<\/a><p>\n<style type=\"text\/css\" data-created_by=\"avia_inline_auto\" id=\"style-css-av-kfzfou34-52de506698777160035bdfcda785dba6\">\n.avia-image-container.av-kfzfou34-52de506698777160035bdfcda785dba6 img.avia_image{\nbox-shadow:none;\n}\n.avia-image-container.av-kfzfou34-52de506698777160035bdfcda785dba6 .av-image-caption-overlay-center{\ncolor:#ffffff;\n}\n<\/style>\n<div  class='avia-image-container av-kfzfou34-52de506698777160035bdfcda785dba6 av-styling- avia-align-center  avia-builder-el-13  el_before_av_button_big  avia-builder-el-no-sibling '   itemprop=\"image\" itemscope=\"itemscope\" itemtype=\"https:\/\/schema.org\/ImageObject\" ><div class=\"avia-image-container-inner\"><div class=\"avia-image-overlay-wrap\"><img decoding=\"async\" fetchpriority=\"high\" class='wp-image-6692 avia-img-lazy-loading-not-6692 avia_image ' src=\"https:\/\/www.hafk.no\/hafk_medlemmer\/wp-content\/uploads\/sites\/4\/2020\/10\/home-columns_0000_diverse.jpg\" alt='' title='home-columns_0000_diverse'  height=\"400\" width=\"600\"  itemprop=\"thumbnailUrl\" srcset=\"https:\/\/www.hafk.no\/hafk_medlemmer\/wp-content\/uploads\/sites\/4\/2020\/10\/home-columns_0000_diverse.jpg 600w, https:\/\/www.hafk.no\/hafk_medlemmer\/wp-content\/uploads\/sites\/4\/2020\/10\/home-columns_0000_diverse-300x200.jpg 300w\" sizes=\"(max-width: 600px) 100vw, 600px\" \/><\/div><\/div><\/div><br \/>\n<div  class='avia-button-wrap avia-button-center  avia-builder-el-14  el_after_av_image  avia-builder-el-last '>\n<style type=\"text\/css\" data-created_by=\"avia_inline_auto\" id=\"style-css-av-kfzfnbt6-c45d492537073bde087c2b211ed48d5c\">\n#top #wrap_all .avia-button.av-kfzfnbt6-c45d492537073bde087c2b211ed48d5c:hover{\ncolor:#ffffff;\ntransition:all 0.4s ease-in-out;\n}\n#top #wrap_all .avia-button.av-kfzfnbt6-c45d492537073bde087c2b211ed48d5c:hover .avia-svg-icon svg:first-child{\nfill:#ffffff;\nstroke:#ffffff;\n}\n<\/style>\n<a href='https:\/\/www.hafk.no\/hafk_medlemmer\/interne-konkurranser\/' class='avia-color-theme-color avia-font-color-theme-color avia-button avia-button-fullwidth av-kfzfnbt6-c45d492537073bde087c2b211ed48d5c avia-icon_select-no avia-color-theme-color'   aria-label=\"Interne konkurranser\"><span class='avia_iconbox_title' >Interne konkurranser<\/span><span class='avia_button_background avia-button avia-button-fullwidth avia-color-theme-color-highlight'><\/span><\/a><\/div><\/p><\/div>\n<style type=\"text\/css\" data-created_by=\"avia_inline_auto\" id=\"style-css-av-48qt04-89035decd3d6e03a05f2ac3fe1457a10\">\n#top .flex_column.av-48qt04-89035decd3d6e03a05f2ac3fe1457a10{\nmargin-top:0;\nmargin-bottom:0;\n}\n.flex_column.av-48qt04-89035decd3d6e03a05f2ac3fe1457a10{\nborder-radius:5px 5px 5px 5px;\npadding:0 0 0 0;\nbackground-color:#ffffff;\n}\n.responsive #top #wrap_all .flex_column.av-48qt04-89035decd3d6e03a05f2ac3fe1457a10{\nmargin-top:0;\nmargin-bottom:0;\n}\n<\/style>\n<div  class='flex_column av-48qt04-89035decd3d6e03a05f2ac3fe1457a10 av_one_third  avia-builder-el-15  el_after_av_one_third  avia-builder-el-last  flex_column_div av-zero-column-padding avia-link-column av-column-link avia-link-column-hover  '    data-link-column-url=\"https:\/\/www.hafk.no\/hafk_medlemmer\/diverse-info\/\"   ><a class=\"av-screen-reader-only\" href=https:\/\/www.hafk.no\/hafk_medlemmer\/diverse-info\/ >Link to: Diverse info<\/a><p>\n<style type=\"text\/css\" data-created_by=\"avia_inline_auto\" id=\"style-css-av-kfzfou34-66d40b128464a5a4d074e472d009794f\">\n.avia-image-container.av-kfzfou34-66d40b128464a5a4d074e472d009794f img.avia_image{\nbox-shadow:none;\n}\n.avia-image-container.av-kfzfou34-66d40b128464a5a4d074e472d009794f .av-image-caption-overlay-center{\ncolor:#ffffff;\n}\n<\/style>\n<div  class='avia-image-container av-kfzfou34-66d40b128464a5a4d074e472d009794f av-styling- avia-align-center  avia-builder-el-16  el_before_av_button_big  avia-builder-el-no-sibling '   itemprop=\"image\" itemscope=\"itemscope\" itemtype=\"https:\/\/schema.org\/ImageObject\" ><div class=\"avia-image-container-inner\"><div class=\"avia-image-overlay-wrap\"><img decoding=\"async\" fetchpriority=\"high\" class='wp-image-6691 avia-img-lazy-loading-not-6691 avia_image ' src=\"https:\/\/www.hafk.no\/hafk_medlemmer\/wp-content\/uploads\/sites\/4\/2020\/10\/home-columns_0002_interne.jpg\" alt='' title='home-columns_0002_interne'  height=\"400\" width=\"600\"  itemprop=\"thumbnailUrl\" srcset=\"https:\/\/www.hafk.no\/hafk_medlemmer\/wp-content\/uploads\/sites\/4\/2020\/10\/home-columns_0002_interne.jpg 600w, https:\/\/www.hafk.no\/hafk_medlemmer\/wp-content\/uploads\/sites\/4\/2020\/10\/home-columns_0002_interne-300x200.jpg 300w\" sizes=\"(max-width: 600px) 100vw, 600px\" \/><\/div><\/div><\/div><br \/>\n<div  class='avia-button-wrap avia-button-center  avia-builder-el-17  el_after_av_image  avia-builder-el-last '>\n<style type=\"text\/css\" data-created_by=\"avia_inline_auto\" id=\"style-css-av-kfzfnbt6-b187c0fb171e501a25e49a0282e125c1\">\n#top #wrap_all .avia-button.av-kfzfnbt6-b187c0fb171e501a25e49a0282e125c1:hover{\ncolor:#ffffff;\ntransition:all 0.4s ease-in-out;\n}\n#top #wrap_all .avia-button.av-kfzfnbt6-b187c0fb171e501a25e49a0282e125c1:hover .avia-svg-icon svg:first-child{\nfill:#ffffff;\nstroke:#ffffff;\n}\n<\/style>\n<a href='https:\/\/www.hafk.no\/hafk_medlemmer\/diverse-info\/' class='avia-color-theme-color avia-font-color-theme-color avia-button avia-button-fullwidth av-kfzfnbt6-b187c0fb171e501a25e49a0282e125c1 avia-icon_select-no avia-color-theme-color'   aria-label=\"Diverse info\"><span class='avia_iconbox_title' >Diverse info<\/span><span class='avia_button_background avia-button avia-button-fullwidth avia-color-theme-color-highlight'><\/span><\/a><\/div><\/p><\/div><\/div><\/div><\/div><!-- close content main div --><\/div><\/div><div id='after_section_3'  class='main_color av_default_container_wrap container_wrap sidebar_right'  ><div class='container av-section-cont-open' ><div class='template-page content  av-content-small alpha units'><div class='post-entry post-entry-type-page post-entry-2276'><div class='entry-content-wrapper clearfix'>\n","protected":false},"excerpt":{"rendered":"","protected":false},"author":2,"featured_media":0,"parent":0,"menu_order":0,"comment_status":"open","ping_status":"open","template":"","meta":{"inline_featured_image":false,"_cbd_carousel_blocks":"[]","footnotes":""},"class_list":["post-2276","page","type-page","status-publish","hentry"],"_links":{"self":[{"href":"https:\/\/www.hafk.no\/hafk_medlemmer\/wp-json\/wp\/v2\/pages\/2276","targetHints":{"allow":["GET"]}}],"collection":[{"href":"https:\/\/www.hafk.no\/hafk_medlemmer\/wp-json\/wp\/v2\/pages"}],"about":[{"href":"https:\/\/www.hafk.no\/hafk_medlemmer\/wp-json\/wp\/v2\/types\/page"}],"author":[{"embeddable":true,"href":"https:\/\/www.hafk.no\/hafk_medlemmer\/wp-json\/wp\/v2\/users\/2"}],"replies":[{"embeddable":true,"href":"https:\/\/www.hafk.no\/hafk_medlemmer\/wp-json\/wp\/v2\/comments?post=2276"}],"version-history":[{"count":21,"href":"https:\/\/www.hafk.no\/hafk_medlemmer\/wp-json\/wp\/v2\/pages\/2276\/revisions"}],"predecessor-version":[{"id":6706,"href":"https:\/\/www.hafk.no\/hafk_medlemmer\/wp-json\/wp\/v2\/pages\/2276\/revisions\/6706"}],"wp:attachment":[{"href":"https:\/\/www.hafk.no\/hafk_medlemmer\/wp-json\/wp\/v2\/media?parent=2276"}],"curies":[{"name":"wp","href":"https:\/\/api.w.org\/{rel}","templated":true}]}}