{"id":22,"date":"2010-02-07T16:26:30","date_gmt":"2010-02-07T16:26:30","guid":{"rendered":"http:\/\/fotoklubben.mandelid.com\/?page_id=22"},"modified":"2021-01-23T20:56:22","modified_gmt":"2021-01-23T18:56:22","slug":"diverse-info","status":"publish","type":"page","link":"https:\/\/www.hafk.no\/hafk_medlemmer\/diverse-info\/","title":{"rendered":"Diverse info"},"content":{"rendered":"\n<style type=\"text\/css\" data-created_by=\"avia_inline_auto\" id=\"style-css-av-5mkkmc-83d8ac014e62dc8e33dd8d2dde775333\">\n.avia-section.av-5mkkmc-83d8ac014e62dc8e33dd8d2dde775333{\nbackground-color:#3d3d3d;\nbackground-image:unset;\n}\n<\/style>\n<div id='av_section_1'  class='avia-section av-5mkkmc-83d8ac014e62dc8e33dd8d2dde775333 main_color avia-section-large avia-no-border-styling  avia-builder-el-0  el_before_av_section  avia-builder-el-first  avia-bg-style-scroll container_wrap sidebar_right'  ><div class='container av-section-cont-open' ><main  role=\"main\" itemprop=\"mainContentOfPage\"  class='template-page content  av-content-small alpha units'><div class='post-entry post-entry-type-page post-entry-22'><div class='entry-content-wrapper clearfix'>\n\n<style type=\"text\/css\" data-created_by=\"avia_inline_auto\" id=\"style-css-av-48qt04-cd494bb76485e6328fac5214e3f2466d\">\n#top .flex_column.av-48qt04-cd494bb76485e6328fac5214e3f2466d{\nmargin-top:0;\nmargin-bottom:0;\n}\n.flex_column.av-48qt04-cd494bb76485e6328fac5214e3f2466d{\nborder-radius:0px 0px 0px 0px;\npadding:0px 0px 0px 0px;\n}\n.responsive #top #wrap_all .flex_column.av-48qt04-cd494bb76485e6328fac5214e3f2466d{\nmargin-top:0;\nmargin-bottom:0;\n}\n<\/style>\n<div  class='flex_column av-48qt04-cd494bb76485e6328fac5214e3f2466d av_one_full  avia-builder-el-1  avia-builder-el-no-sibling  first flex_column_div av-zero-column-padding  '     ><style type=\"text\/css\" data-created_by=\"avia_inline_auto\" id=\"style-css-av-no0u-66ad9680903692886b3fe9e732defe2e\">\n#top .av-special-heading.av-no0u-66ad9680903692886b3fe9e732defe2e{\npadding-bottom:0;\ncolor:#ffffff;\n}\nbody .av-special-heading.av-no0u-66ad9680903692886b3fe9e732defe2e .av-special-heading-tag .heading-char{\nfont-size:25px;\n}\n.av-special-heading.av-no0u-66ad9680903692886b3fe9e732defe2e .special-heading-inner-border{\nborder-color:#ffffff;\n}\n.av-special-heading.av-no0u-66ad9680903692886b3fe9e732defe2e .av-subheading{\nfont-size:15px;\n}\n<\/style>\n<div  class='av-special-heading av-no0u-66ad9680903692886b3fe9e732defe2e av-special-heading-h1 custom-color-heading blockquote modern-quote  avia-builder-el-2  avia-builder-el-no-sibling '><h1 class='av-special-heading-tag '  itemprop=\"headline\"  >Diverse info<\/h1><div class=\"special-heading-border\"><div class=\"special-heading-inner-border\"><\/div><\/div><\/div><\/div>\n\n<\/div><\/div><\/main><!-- close content main element --><\/div><\/div>\n<style type=\"text\/css\" data-created_by=\"avia_inline_auto\" id=\"style-css-av-4xoyom-446bbe1d6701a3f5a1c14c4d17350c72\">\n.avia-section.av-4xoyom-446bbe1d6701a3f5a1c14c4d17350c72{\nbackground-color:#ffffff;\nbackground-image:unset;\n}\n<\/style>\n<div id='nsff'  class='avia-section av-4xoyom-446bbe1d6701a3f5a1c14c4d17350c72 main_color avia-section-default avia-no-border-styling  avia-builder-el-3  el_after_av_section  el_before_av_section  avia-bg-style-scroll container_wrap sidebar_right'  ><div class='container av-section-cont-open' ><div class='template-page content  av-content-small alpha units'><div class='post-entry post-entry-type-page post-entry-22'><div class='entry-content-wrapper clearfix'>\n\n<style type=\"text\/css\" data-created_by=\"avia_inline_auto\" id=\"style-css-av-kg5l89io-a0106fa29a889cebe2969f41a5e21182\">\n.flex_column.av-kg5l89io-a0106fa29a889cebe2969f41a5e21182{\nborder-radius:0px 0px 0px 0px;\npadding:20px 20px 20px 20px;\nbackground-color:#ffffff;\n}\n<\/style>\n<div  class='flex_column av-kg5l89io-a0106fa29a889cebe2969f41a5e21182 av_one_full  avia-builder-el-4  avia-builder-el-no-sibling  first flex_column_div  '     ><section  class='av_textblock_section av-kg5l4h1j-09e1bac74ef11f42c36db720f1d60b71 '   itemscope=\"itemscope\" itemtype=\"https:\/\/schema.org\/CreativeWork\" ><div class='avia_textblock'  itemprop=\"text\" ><h2>NSFF<\/h2>\n<p>Som medlem i Harstad Fotoklubb blir du automatisk medlem av Norsk Selskap for Fotografi (NSFF).<\/p>\n<p>NSFF ble stiftet 17. desember 1927 og\u00a0er paraplyorganisasjon for norske fotoklubber. Den 01.01.2013 opph\u00f8rte\u00a0Norges Amat\u00f8rfilmforbund (NAFF) som eget forbund, og medlemmene ble innlemmet i filmutvalget i\u00a0NSFF.<\/p>\n<p>NSFF er medlem av <a href=\"https:\/\/www.fiap.net\/en\" target=\"_blank\" rel=\"noopener noreferrer\">FIAP (Federation Internationale de l&#8217;Art Photographique)<\/a>. Via FIAP er det mulig for v\u00e5re medlemmer \u00e5 delta i en stor mengde internasjonale konkurranser (Salonger). En oversikt over disse finnes her: <a href=\"https:\/\/www.myfiap.net\/patronages\" target=\"_blank\" rel=\"noopener noreferrer\">Oversikt over\u00a0internasjonale konkurranser (Salonger)<\/a><\/p>\n<ul>\n<li>NSFF skal virke for \u00e5 fremme fotografisk allsidighet og aktivitet<\/li>\n<li>NSFF skal gjennomf\u00f8re fotorelaterte aktiviteter for enkeltmedlemmer slik at de f\u00e5r \u00f8kt fotoglede og fellesskap ut over egen klubb<\/li>\n<li>NSFF skal ha tilbud for medlemsklubbenes tillitsvalgte slik at de kan forenkle og forbedre driften av egen klubb<\/li>\n<\/ul>\n<p>Les mer p\u00e5 : <a href=\"https:\/\/www.nsff.no\" target=\"_blank\" rel=\"noopener noreferrer\">www.nsff.no<\/a><\/p>\n<\/div><\/section><\/div>\n\n<\/div><\/div><\/div><!-- close content main div --><\/div><\/div>\n<style type=\"text\/css\" data-created_by=\"avia_inline_auto\" id=\"style-css-av-4xoyom-bad4330ba9879f3b21193619f830a30b\">\n.avia-section.av-4xoyom-bad4330ba9879f3b21193619f830a30b{\nbackground-color:#f4f4f4;\nbackground-image:unset;\n}\n<\/style>\n<div id='lover'  class='avia-section av-4xoyom-bad4330ba9879f3b21193619f830a30b main_color avia-section-default avia-no-border-styling  avia-builder-el-6  el_after_av_section  avia-builder-el-last  avia-bg-style-scroll container_wrap sidebar_right'  ><div class='container av-section-cont-open' ><div class='template-page content  av-content-small alpha units'><div class='post-entry post-entry-type-page post-entry-22'><div class='entry-content-wrapper clearfix'>\n\n<style type=\"text\/css\" data-created_by=\"avia_inline_auto\" id=\"style-css-av-kg5l806w-b7c6d7e2bd6d70296974b4fcee9e1bdc\">\n.flex_column.av-kg5l806w-b7c6d7e2bd6d70296974b4fcee9e1bdc{\nborder-radius:0px 0px 0px 0px;\npadding:20px 20px 20px 20px;\nbackground-color:#ffffff;\n}\n<\/style>\n<div  class='flex_column av-kg5l806w-b7c6d7e2bd6d70296974b4fcee9e1bdc av_one_full  avia-builder-el-7  avia-builder-el-no-sibling  first flex_column_div  '     ><section  class='av_textblock_section av-kg5l43pv-7588cc369e118e7a419aef80d59378f5 '   itemscope=\"itemscope\" itemtype=\"https:\/\/schema.org\/CreativeWork\" ><div class='avia_textblock'  itemprop=\"text\" ><h1>LOVER FOR HARSTAD FOTOKLUBB<\/h1>\n<p><strong><em>Disse lover er gjeldende fra og med februar 2014.<\/em><\/strong><\/p>\n<h2>\u00a7 1. NAVN OG FORM\u00c5L<\/h2>\n<p>Klubbens navn er Harstad Fotoklubb. Klubbens form\u00e5l er \u00e5 fremme interesse og forst\u00e5else for fotogra\ufb01.<\/p>\n<h2>\u00a7 2. <strong>MEDLEMSKAP OG GENERELLE REGLER OM STEMMERETT OG VALGBARHET<\/strong><\/h2>\n<p>Alle interesserte kan bli medlem av klubben. Medlem er den som har betalt kontingent eller er \u00e6resmedlem i klubben.<\/p>\n<p>For \u00e5 ha stemmerett, v\u00e6re valgbar til styreverv p\u00e5 \u00e5rsm\u00f8te og kunne velges\/oppnevnes som representant til \u00e5rsm\u00f8te\/ting i overordnet organisasjonsledd, m\u00e5 man ha fylt 18 \u00e5r i l\u00f8pet av kalender\u00e5ret, v\u00e6rt betalende medlem av klubben i minst \u00e9n m\u00e5ned og ha gjort opp sine \u00f8konomiske forpliktelser\/betalt kontingent til fotoklubben. Ingen kan m\u00f8te eller avgi stemme ved fullmakt.<\/p>\n<h2>\u00a7 3. <strong>MEDLEMSKONTINGENT OG AVGIFTER<\/strong><\/h2>\n<p>Medlemskontingenten for neste \u00e5r fastsettes av \u00e5rsm\u00f8tet. Andre avgifter\/egenandeler kan kreves for deltakelse i fotoklubbens aktivitetstilbud. Styret fastsetter slike avgifter\/egenandeler.<\/p>\n<p>Klubben kan gi pr\u00f8vemedlemskap i inntil 3 m\u00e5neder. Hensikten er \u00e5 gi et mulig medlem anledning til \u00e5 finne ut om klubben er noe for dem. Et pr\u00f8vemedlemskap gir rett til \u00e5 m\u00f8te ogs\u00e5 p\u00e5 \u00e5rsm\u00f8tet, men gir ikke stemmerett\/valgbarhet (se de generelle reglene om stemmerett og valgbarhet).<\/p>\n<p>\u00c6resmedlem er fritatt for medlemskontingent.<\/p>\n<h2>\u00a7 4. M\u00d8TENE<\/h2>\n<p>Styret fastsetter m\u00f8tedager og klokkeslett. Klubben b\u00f8r ha m\u00f8te minst en gang pr. m\u00e5ned. Alle klubbens medlemmer har adgang til m\u00f8tene. Ved styrevedtak kan andre gis adgang. Alle medlemmene har forslagsrett og full ytringsfrihet. Kun styremedlemmene har tale- og stemmerett p\u00e5 styrem\u00f8ter.<\/p>\n<h2>\u00a7 5. KONKURRANSER FOR MEDLEMMENE<\/h2>\n<p>Klubben avholder minst 3 konkurranser pr. \u00e5r. Ved interne konkurranser skal de innleverte bilder bed\u00f8mmes av en jury oppnevnt av konkurranseleder eller styret. Styret fastsetter regler for interne konkurranser, premiering og innleveringsfrister.<\/p>\n<h2>\u00a7 6. STYRET<\/h2>\n<p>Styret skal best\u00e5 av minst 3, maksimum 5 medlemmer. F\u00f8lgende funksjoner skal bekles i et styre: leder, nestleder, kasserer, sekret\u00e6r, styremedlem og et varamedlem. For \u00e5 sikre kontinuitet i styret, velges 3 av styrets medlemmer for 2 \u00e5r.<\/p>\n<h3>DE ENKELTE STYREMEDLEMMENE<\/h3>\n<ul>\n<li>LEDER har ansvaret for \u00e5 lede klubben. Han plikter \u00e5 p\u00e5se at styremedlemmene utf\u00f8rer sine verv tilfredsstillende og kan n\u00e5r som helst forlange alle protokoller til gjennomsyn.<\/li>\n<li>NESTLEDER fungerer ved leders frav\u00e6r i dennes sted.<\/li>\n<li>SEKTRET\u00c6REN skal skrive referat fra styrem\u00f8ter og ordin\u00e6re m\u00f8ter. Dessuten plikter sekret\u00e6ren \u00e5 hjelpe styremedlemmene med klubbens korrespondanse.<\/li>\n<li>KASSERER plikter \u00e5 kreve inn klubbens utest\u00e5ende fordringer, betale regninger og f\u00f8re n\u00f8yaktig regnskap og medlemsoversikt.<\/li>\n<\/ul>\n<p>Styret kan blant sine medlemmer utpeke en materialforvalter som skal oppbevare utstyr tilh\u00f8rende klubben.<\/p>\n<p>N\u00e5r et styremedlem har forfall skal leder varsles og innkalle varamedlem.<strong>\u00a0<\/strong><\/p>\n<h2>\u00a7 7. \u00c5RSM\u00d8TE<\/h2>\n<p>Styret plikter \u00e5 innkalle til \u00e5rsm\u00f8te som avholdes hvert \u00e5r i l\u00f8pet av 1. kvartal og med minst 3 ukers varsel. P\u00e5 ordin\u00e6re \u00e5rsm\u00f8ter gjelder f\u00f8lgende dagsorden:<\/p>\n<ul>\n<li>Valg av ordstyrer og referent<\/li>\n<li>Godkjenning av innkallelse<\/li>\n<li>Godkjenning av saksliste<\/li>\n<li>Godkjenning av styrets \u00e5rsberetning<\/li>\n<li>Godkjenning av revidert regnskap<\/li>\n<li>Fastsettelse av kontingent<\/li>\n<li>Innkomne forslag<\/li>\n<li>Valg av medl. til styret, konkurranseleder, revisor og valgkomite (2 medlemmer)<\/li>\n<\/ul>\n<p>Forslag som skal behandles p\u00e5 \u00e5rsm\u00f8tet m\u00e5 v\u00e6re styret i hende innen tidspunkt som fastsettes av styret. Tidspunktet skal formidles til medlemmene i god tid f\u00f8r \u00e5rsm\u00f8tet, med en rimelig frist til \u00e5 sende inn forslag.<\/p>\n<h2>\u00a7 8. EKSTRAORDIN\u00c6RT \u00c5RSM\u00d8TE<\/h2>\n<p>Ekstraordin\u00e6rt \u00e5rsm\u00f8te skal innkalles hvis styret eller en tredjedel av medlemmene forlanger det.<\/p>\n<h2>\u00a7 9. AVSTEMNING<\/h2>\n<p>Alle innkomne forslag har krav p\u00e5 \u00e5 bli votert over s\u00e5 fremt de ikke strider mot lovene. Personvalg foreg\u00e5r alltid skriftlig hvis det er oppstilt flere kandidater eller hvis en person i saken forlanger det. Ved valg av en enkelt tillitsvalgt kreves absolutt \ufb02ertall av de avgitte stemmer (50%). Dersom ingen oppn\u00e5r det n\u00f8dvendige antall stemmer, holdes bundet omvalg mellom de 2 som har f\u00e5tt flest stemmer. Her kreves simpelt flertall. Ved stemmelikhet har leder dobbeltstemme.<\/p>\n<p>Andre avstemninger er \u00e5pne s\u00e5 fremt ikke annet forlanges. Forslag som ikke f\u00e5r halvparten av stemmene er automatisk forkastet.<\/p>\n<h2>\u00a7 10. \u00c6RESMEDLEMSSKAP<\/h2>\n<p>Styret kan oppnevne \u00e6resmedlemmer av klubben etter forslag fra en eller flere av medlemmene..<\/p>\n<p>Vedkommende m\u00e5 gjennom flere \u00e5r ha utmerket seg med innsats ut over vanlig medlemsskap. \u00c6resmedlem er fritatt for kontingent.<\/p>\n<h2>\u00a7 11. OM LOVENE<\/h2>\n<p>Forhold som ikke er tilstrekkelig klarlagt i disse lover, utredes av det sittende styret. Hvis det er \ufb02ertall i klubben for det, utnevnes en konstitusjonskomite som skal utrede lovene. Komiteen skal ikke ha \ufb02ere enn 3 medlemmer.<\/p>\n<h2>\u00a7 12. OPPL\u00d8SNING AV KLUBBEN<\/h2>\n<p>Oppl\u00f8sning av klubben kan bare skje etter at forslag om oppl\u00f8sning har f\u00e5tt minst 75\u00a0% \ufb02ertall ved avstemning p\u00e5 \u00e5rsm\u00f8tet. Forslag til oppl\u00f8sning skal offentliggj\u00f8res og samtidig gj\u00f8res kjent for medlemmene minst 1 m\u00e5ned f\u00f8r \u00e5rsm\u00f8tet. I tilfelle av oppl\u00f8sning bestemmer \u00e5rsm\u00f8tet hva som skal gj\u00f8res med klubbens penger og utstyr.<\/p>\n<h2>\u00a7 13. LOVENDRINGER<\/h2>\n<p>Forandringer av disse lover kan bare skje p\u00e5 \u00e5rsm\u00f8tet og med 2\/3 \ufb02ertall. Forslag til lovendringer skal gj\u00f8res kjent for medlemmene minst 2 uker p\u00e5 forh\u00e5nd.<\/p>\n<\/div><\/section><\/div><\/div><\/div><\/div><!-- close content main div --><\/div><\/div><div id='after_section_3'  class='main_color av_default_container_wrap container_wrap sidebar_right'  ><div class='container av-section-cont-open' ><div class='template-page content  av-content-small alpha units'><div class='post-entry post-entry-type-page post-entry-22'><div class='entry-content-wrapper clearfix'>\n","protected":false},"excerpt":{"rendered":"","protected":false},"author":2,"featured_media":0,"parent":0,"menu_order":10,"comment_status":"closed","ping_status":"closed","template":"","meta":{"inline_featured_image":false,"_cbd_carousel_blocks":"[]","footnotes":""},"class_list":["post-22","page","type-page","status-publish","hentry"],"_links":{"self":[{"href":"https:\/\/www.hafk.no\/hafk_medlemmer\/wp-json\/wp\/v2\/pages\/22","targetHints":{"allow":["GET"]}}],"collection":[{"href":"https:\/\/www.hafk.no\/hafk_medlemmer\/wp-json\/wp\/v2\/pages"}],"about":[{"href":"https:\/\/www.hafk.no\/hafk_medlemmer\/wp-json\/wp\/v2\/types\/page"}],"author":[{"embeddable":true,"href":"https:\/\/www.hafk.no\/hafk_medlemmer\/wp-json\/wp\/v2\/users\/2"}],"replies":[{"embeddable":true,"href":"https:\/\/www.hafk.no\/hafk_medlemmer\/wp-json\/wp\/v2\/comments?post=22"}],"version-history":[{"count":10,"href":"https:\/\/www.hafk.no\/hafk_medlemmer\/wp-json\/wp\/v2\/pages\/22\/revisions"}],"predecessor-version":[{"id":6737,"href":"https:\/\/www.hafk.no\/hafk_medlemmer\/wp-json\/wp\/v2\/pages\/22\/revisions\/6737"}],"wp:attachment":[{"href":"https:\/\/www.hafk.no\/hafk_medlemmer\/wp-json\/wp\/v2\/media?parent=22"}],"curies":[{"name":"wp","href":"https:\/\/api.w.org\/{rel}","templated":true}]}}